{"id":26,"date":"2025-10-22T09:30:48","date_gmt":"2025-10-22T09:30:48","guid":{"rendered":"https:\/\/aparatycpap.pl\/?page_id=26"},"modified":"2026-02-05T16:45:19","modified_gmt":"2026-02-05T16:45:19","slug":"o-blogu","status":"publish","type":"page","link":"https:\/\/aparatycpap.pl\/?page_id=26","title":{"rendered":"O blogu"},"content":{"rendered":"\n<p><strong>\u201eNowoczesne Zielone Pole\u201d<\/strong>\u00a0to przestrze\u0144 dla tych, kt\u00f3rzy chc\u0105 uprawia\u0107 z g\u0142ow\u0105 \u2013 efektywnie, ekologicznie i nowocze\u015bnie. Tworzymy miejsce, gdzie rolnictwo spotyka si\u0119 z nauk\u0105, a do\u015bwiadczenie z technologi\u0105. To blog o codziennych wyzwaniach i innowacjach, kt\u00f3re zmieniaj\u0105 spos\u00f3b my\u015blenia o ziemi.<\/p>\n\n\n\n<p>\u015aled\u017a m\u00f3j blog \u017ceby dowiedzie\u0107 si\u0119 wi\u0119cej.<\/p>\n","protected":false},"excerpt":{"rendered":"<p>\u201eNowoczesne Zielone Pole\u201d\u00a0to przestrze\u0144 dla tych, kt\u00f3rzy chc\u0105 uprawia\u0107 z g\u0142ow\u0105 \u2013 efektywnie, ekologicznie i nowocze\u015bnie. Tworzymy miejsce, gdzie rolnictwo spotyka si\u0119 z nauk\u0105, a do\u015bwiadczenie z technologi\u0105. To blog o codziennych wyzwaniach i innowacjach, kt\u00f3re zmieniaj\u0105 spos\u00f3b my\u015blenia o ziemi. \u015aled\u017a m\u00f3j blog \u017ceby dowiedzie\u0107 si\u0119 wi\u0119cej.<\/p>\n","protected":false},"author":1,"featured_media":0,"parent":0,"menu_order":0,"comment_status":"closed","ping_status":"closed","template":"","meta":{"footnotes":""},"class_list":["post-26","page","type-page","status-publish","hentry"],"_links":{"self":[{"href":"https:\/\/aparatycpap.pl\/index.php?rest_route=\/wp\/v2\/pages\/26","targetHints":{"allow":["GET"]}}],"collection":[{"href":"https:\/\/aparatycpap.pl\/index.php?rest_route=\/wp\/v2\/pages"}],"about":[{"href":"https:\/\/aparatycpap.pl\/index.php?rest_route=\/wp\/v2\/types\/page"}],"author":[{"embeddable":true,"href":"https:\/\/aparatycpap.pl\/index.php?rest_route=\/wp\/v2\/users\/1"}],"replies":[{"embeddable":true,"href":"https:\/\/aparatycpap.pl\/index.php?rest_route=%2Fwp%2Fv2%2Fcomments&post=26"}],"version-history":[{"count":1,"href":"https:\/\/aparatycpap.pl\/index.php?rest_route=\/wp\/v2\/pages\/26\/revisions"}],"predecessor-version":[{"id":39,"href":"https:\/\/aparatycpap.pl\/index.php?rest_route=\/wp\/v2\/pages\/26\/revisions\/39"}],"wp:attachment":[{"href":"https:\/\/aparatycpap.pl\/index.php?rest_route=%2Fwp%2Fv2%2Fmedia&parent=26"}],"curies":[{"name":"wp","href":"https:\/\/api.w.org\/{rel}","templated":true}]}}